{"id":224,"date":"2018-10-05T12:09:07","date_gmt":"2018-10-05T12:09:07","guid":{"rendered":"http:\/\/www.pedikura-havirov.cz\/?page_id=224"},"modified":"2026-01-17T20:07:14","modified_gmt":"2026-01-17T18:07:14","slug":"pedikura","status":"publish","type":"page","link":"https:\/\/www.pedikura-havirov.cz\/index.php\/pedikura\/","title":{"rendered":"Pedik\u00fara"},"content":{"rendered":"<h3><em><strong><span style=\"font-family: verdana, geneva, sans-serif;\">Cen\u00edk Hanka V\u00edchov\u00e1<\/span><\/strong><\/em><\/h3>\n\n\n<figure class=\"wp-block-image size-large\"><img loading=\"lazy\" decoding=\"async\" width=\"576\" height=\"1024\" src=\"http:\/\/www.pedikura-havirov.cz\/wp-content\/uploads\/2026\/01\/420-607-170-843-1-576x1024.jpg\" alt=\"\" class=\"wp-image-772\" srcset=\"https:\/\/www.pedikura-havirov.cz\/wp-content\/uploads\/2026\/01\/420-607-170-843-1-576x1024.jpg 576w, https:\/\/www.pedikura-havirov.cz\/wp-content\/uploads\/2026\/01\/420-607-170-843-1-169x300.jpg 169w, https:\/\/www.pedikura-havirov.cz\/wp-content\/uploads\/2026\/01\/420-607-170-843-1-768x1365.jpg 768w, https:\/\/www.pedikura-havirov.cz\/wp-content\/uploads\/2026\/01\/420-607-170-843-1-864x1536.jpg 864w, https:\/\/www.pedikura-havirov.cz\/wp-content\/uploads\/2026\/01\/420-607-170-843-1-750x1333.jpg 750w, https:\/\/www.pedikura-havirov.cz\/wp-content\/uploads\/2026\/01\/420-607-170-843-1.jpg 1080w\" sizes=\"auto, (max-width: 576px) 100vw, 576px\" \/><\/figure>\n\n\n\n<h3><em>Cen\u00edk V\u011bra Pavl\u00edkov\u00e1\u00a0<\/em><\/h3>\n\n\n\n<figure class=\"wp-block-image size-large\"><img loading=\"lazy\" decoding=\"async\" width=\"819\" height=\"1024\" src=\"http:\/\/www.pedikura-havirov.cz\/wp-content\/uploads\/2026\/01\/617991596_2138264603374915_2519807227941600627_n-819x1024.jpg\" alt=\"\" class=\"wp-image-774\" srcset=\"https:\/\/www.pedikura-havirov.cz\/wp-content\/uploads\/2026\/01\/617991596_2138264603374915_2519807227941600627_n-819x1024.jpg 819w, https:\/\/www.pedikura-havirov.cz\/wp-content\/uploads\/2026\/01\/617991596_2138264603374915_2519807227941600627_n-240x300.jpg 240w, https:\/\/www.pedikura-havirov.cz\/wp-content\/uploads\/2026\/01\/617991596_2138264603374915_2519807227941600627_n-768x960.jpg 768w, https:\/\/www.pedikura-havirov.cz\/wp-content\/uploads\/2026\/01\/617991596_2138264603374915_2519807227941600627_n-750x938.jpg 750w, https:\/\/www.pedikura-havirov.cz\/wp-content\/uploads\/2026\/01\/617991596_2138264603374915_2519807227941600627_n.jpg 1080w\" sizes=\"auto, (max-width: 819px) 100vw, 819px\" \/><\/figure>\n\n\n\n<h3><em>Cen\u00edk Patricie Jahnov\u00e1<\/em><\/h3>\n\n\n\n<figure class=\"wp-block-image size-large\"><img loading=\"lazy\" decoding=\"async\" width=\"724\" height=\"1024\" src=\"http:\/\/www.pedikura-havirov.cz\/wp-content\/uploads\/2026\/01\/613022160_2648437905540678_7622812806454057406_n-724x1024.jpg\" alt=\"\" class=\"wp-image-773\" srcset=\"https:\/\/www.pedikura-havirov.cz\/wp-content\/uploads\/2026\/01\/613022160_2648437905540678_7622812806454057406_n-724x1024.jpg 724w, https:\/\/www.pedikura-havirov.cz\/wp-content\/uploads\/2026\/01\/613022160_2648437905540678_7622812806454057406_n-212x300.jpg 212w, https:\/\/www.pedikura-havirov.cz\/wp-content\/uploads\/2026\/01\/613022160_2648437905540678_7622812806454057406_n-768x1086.jpg 768w, https:\/\/www.pedikura-havirov.cz\/wp-content\/uploads\/2026\/01\/613022160_2648437905540678_7622812806454057406_n-1086x1536.jpg 1086w, https:\/\/www.pedikura-havirov.cz\/wp-content\/uploads\/2026\/01\/613022160_2648437905540678_7622812806454057406_n-750x1061.jpg 750w, https:\/\/www.pedikura-havirov.cz\/wp-content\/uploads\/2026\/01\/613022160_2648437905540678_7622812806454057406_n.jpg 1448w\" sizes=\"auto, (max-width: 724px) 100vw, 724px\" \/><\/figure>\n","protected":false},"excerpt":{"rendered":"<p>Cen\u00edk Hanka V\u00edchov\u00e1 Cen\u00edk V\u011bra Pavl\u00edkov\u00e1\u00a0 Cen\u00edk Patricie Jahnov\u00e1<\/p>\n","protected":false},"author":1,"featured_media":0,"parent":0,"menu_order":0,"comment_status":"closed","ping_status":"closed","template":"","meta":{"footnotes":""},"class_list":["post-224","page","type-page","status-publish","hentry"],"_links":{"self":[{"href":"https:\/\/www.pedikura-havirov.cz\/index.php\/wp-json\/wp\/v2\/pages\/224","targetHints":{"allow":["GET"]}}],"collection":[{"href":"https:\/\/www.pedikura-havirov.cz\/index.php\/wp-json\/wp\/v2\/pages"}],"about":[{"href":"https:\/\/www.pedikura-havirov.cz\/index.php\/wp-json\/wp\/v2\/types\/page"}],"author":[{"embeddable":true,"href":"https:\/\/www.pedikura-havirov.cz\/index.php\/wp-json\/wp\/v2\/users\/1"}],"replies":[{"embeddable":true,"href":"https:\/\/www.pedikura-havirov.cz\/index.php\/wp-json\/wp\/v2\/comments?post=224"}],"version-history":[{"count":50,"href":"https:\/\/www.pedikura-havirov.cz\/index.php\/wp-json\/wp\/v2\/pages\/224\/revisions"}],"predecessor-version":[{"id":779,"href":"https:\/\/www.pedikura-havirov.cz\/index.php\/wp-json\/wp\/v2\/pages\/224\/revisions\/779"}],"wp:attachment":[{"href":"https:\/\/www.pedikura-havirov.cz\/index.php\/wp-json\/wp\/v2\/media?parent=224"}],"curies":[{"name":"wp","href":"https:\/\/api.w.org\/{rel}","templated":true}]}}