{"id":35,"date":"2018-06-05T10:07:48","date_gmt":"2018-06-05T10:07:48","guid":{"rendered":"http:\/\/www.pedikura-havirov.cz\/?page_id=35"},"modified":"2026-03-24T21:34:19","modified_gmt":"2026-03-24T19:34:19","slug":"domu","status":"publish","type":"page","link":"https:\/\/www.pedikura-havirov.cz\/","title":{"rendered":"Dom\u016f"},"content":{"rendered":"<div style=\"font-family: Arial, sans-serif; font-size: 24pt;\">\n<p><em><button style=\"background-color: #add8e6; color: white; font-weight: bold; border: 2px solid #ADD8E6; border-radius: 10px; padding: 10px 20px; font-size: 24pt; background-image: url('data:image\/png;base64,kapradina_bily_relieef.png'); background-size: cover; background-repeat: no-repeat; background-position: top left, bottom right; width: 250px;\">Pedik\u00e9rka<\/button> Hanka V\u00edchov\u00e1\u00a0 \u00a0 \u00a0607170843<\/em><\/p>\n<p><em><button style=\"background-color: #add8e6; color: white; font-weight: bold; border: 2px solid #ADD8E6; border-radius: 10px; padding: 10px 20px; font-size: 24pt; background-image: url('data:image\/png;base64,kapradina_bily_relieef.png'); background-size: cover; background-repeat: no-repeat; background-position: top left, bottom right; width: 250px;\">Pedik\u00e9rka<\/button> V\u011bra Pavl\u00edkov\u00e1\u00a0 \u00a0 \u00a0722537456<\/em><\/p>\n<p><em>\u00a0 \u00a0 \u00a0 \u00a0 \u00a0 \u00a0 \u00a0 \u00a0 \u00a0 \u00a0 \u00a0 \u00a0 \u00a0 \u00a0 \u00a0Patricie Jahnov\u00e1\u00a0 \u00a0777546212<\/em><\/p>\n<p><em><button style=\"background-color: #add8e6; color: white; font-weight: bold; border: 2px solid #ADD8E6; border-radius: 10px; padding: 10px 20px; font-size: 24pt; background-image: url('data:image\/png;base64,kapradina_bily_relieef.png'); background-size: cover; background-repeat: no-repeat; background-position: top left, bottom right; width: 250px;\">Mas\u00e9rka a<br \/>manik\u00e9rka<\/button> Sylva Hottkov\u00e1\u00a0 \u00a0 \u00a0 737270804<\/em><\/p>\n<p><em>Draz\u00ed p\u0159\u00e1tel\u00e9 a&nbsp;klienti,<\/em><\/p>\n<\/div>\n<div style=\"font-family: Arial, sans-serif; font-size: 24pt;\">\n<p><em>ve Studiu se zam\u011b\u0159ujeme na pr\u00e1ci s&nbsp;p\u0159\u00edrodn\u00edmi produkty. Nejde n\u00e1m jen o&nbsp;stav va\u0161\u00ed poko\u017eky, ale i&nbsp;o&nbsp;zdrav\u00ed, proto spolupracujeme s&nbsp;n\u011bkolika zna\u010dkami, kter\u00e9 zdrav\u00ed prosp\u011b\u0161n\u00e9 produkty vyr\u00e1b\u00ed.<\/em><\/p>\n<p><em>\u0158e\u0161\u00edme probl\u00e9my se zar\u016fst\u00e1n\u00edm neht\u016f, ku\u0159\u00edmi oky, vbo\u010den\u00fdmi palci, klad\u00edvkov\u00fdmi prsty a&nbsp;porad\u00edme p\u0159i bolestech. Pou\u017e\u00edv\u00e1me syst\u00e9m speci\u00e1ln\u00edch \u0161pon na zar\u016fstaj\u00edc\u00ed nehty.<\/em><\/p>\n<p><em>Aplikujeme suchou, p\u0159\u00edstrojovou pedik\u00faru. Info pro diabetiky: Mo\u017enost proplacen\u00ed pedik\u00fary va\u0161\u00ed poji\u0161\u0165ovnou. Bli\u017e\u0161\u00ed info na tel: \u010d\u00edsle &#8211; 607&nbsp;170&nbsp;843.<\/em><\/p>\n<\/div>\n\n\n<h2 data-start=\"102\" data-end=\"298\"><a href=\"https:\/\/studio-hanky-vichove.snippet.myfox.cz\/?_gl=1*1g9s2uf*_gcl_au*MTc5NzU3MjQ5MC4xNzczNjkwNDUy*_ga*MjAzMzAyNzQ5LjE3NzM2OTA0NTE.*_ga_3MXH6CV9ZE*czE3NzQzNzU2ODIkbzMkZzEkdDE3NzQzNzY2NTkkajU4JGwwJGg5NzY0NzYzOTc.\">Rezervace online<\/a><\/h2>\n<h2 data-start=\"102\" data-end=\"298\"><em>V\u00e1\u017een\u00ed klienti,<\/em><br data-start=\"117\" data-end=\"120\" \/><em>v posledn\u00ed dob\u011b se opakuj\u00ed p\u0159\u00edpady, kdy se klient nedostav\u00ed na objednan\u00fd term\u00edn bez omluvy.<\/em><br data-start=\"215\" data-end=\"218\" \/><em>Pros\u00edm, m\u011bjte na pam\u011bti, \u017ee t\u00edmto blokujete \u010das, kter\u00fd mohl vyu\u017e\u00edt n\u011bkdo jin\u00fd.Pokud se na objednan\u00fd term\u00edn nedostav\u00edte bez v\u010dasn\u00e9ho zru\u0161en\u00ed (nejpozd\u011bji 24 hodin p\u0159edem),<\/em><br data-start=\"395\" data-end=\"398\" \/><em>bude v\u00e1m \u00fa\u010dtov\u00e1n storno poplatek 500&nbsp;K\u010d.<\/em><\/h2>\n<h2 data-start=\"446\" data-end=\"535\"><em>D\u011bkuji za pochopen\u00ed a&nbsp;ohleduplnost.<\/em><\/h2>\n","protected":false},"excerpt":{"rendered":"<p>Pedik\u00e9rka Hanka V\u00edchov\u00e1\u00a0 \u00a0 \u00a0607170843 Pedik\u00e9rka V\u011bra Pavl\u00edkov\u00e1\u00a0 \u00a0 \u00a0722537456 \u00a0 \u00a0 \u00a0 \u00a0 \u00a0 \u00a0 \u00a0 \u00a0 \u00a0 \u00a0 \u00a0 \u00a0 \u00a0 \u00a0 \u00a0Patricie Jahnov\u00e1\u00a0 \u00a0777546212 Mas\u00e9rka amanik\u00e9rka Sylva Hottkov\u00e1\u00a0 \u00a0 \u00a0 737270804 Draz\u00ed p\u0159\u00e1tel\u00e9 a&nbsp;klienti, ve Studiu se zam\u011b\u0159ujeme na pr\u00e1ci s&nbsp;p\u0159\u00edrodn\u00edmi produkty. Nejde n\u00e1m jen o&nbsp;stav va\u0161\u00ed poko\u017eky, ale i&nbsp;o&nbsp;zdrav\u00ed, proto spolupracujeme [&hellip;]<\/p>\n","protected":false},"author":2,"featured_media":0,"parent":0,"menu_order":0,"comment_status":"closed","ping_status":"closed","template":"","meta":{"footnotes":""},"class_list":["post-35","page","type-page","status-publish","hentry"],"_links":{"self":[{"href":"https:\/\/www.pedikura-havirov.cz\/index.php\/wp-json\/wp\/v2\/pages\/35","targetHints":{"allow":["GET"]}}],"collection":[{"href":"https:\/\/www.pedikura-havirov.cz\/index.php\/wp-json\/wp\/v2\/pages"}],"about":[{"href":"https:\/\/www.pedikura-havirov.cz\/index.php\/wp-json\/wp\/v2\/types\/page"}],"author":[{"embeddable":true,"href":"https:\/\/www.pedikura-havirov.cz\/index.php\/wp-json\/wp\/v2\/users\/2"}],"replies":[{"embeddable":true,"href":"https:\/\/www.pedikura-havirov.cz\/index.php\/wp-json\/wp\/v2\/comments?post=35"}],"version-history":[{"count":102,"href":"https:\/\/www.pedikura-havirov.cz\/index.php\/wp-json\/wp\/v2\/pages\/35\/revisions"}],"predecessor-version":[{"id":875,"href":"https:\/\/www.pedikura-havirov.cz\/index.php\/wp-json\/wp\/v2\/pages\/35\/revisions\/875"}],"wp:attachment":[{"href":"https:\/\/www.pedikura-havirov.cz\/index.php\/wp-json\/wp\/v2\/media?parent=35"}],"curies":[{"name":"wp","href":"https:\/\/api.w.org\/{rel}","templated":true}]}}